{"id":2,"date":"2021-03-14T13:53:22","date_gmt":"2021-03-14T12:53:22","guid":{"rendered":"https:\/\/www.kaiserfilm.eu\/kaiserlights\/?page_id=2"},"modified":"2021-03-14T16:20:03","modified_gmt":"2021-03-14T15:20:03","slug":"home","status":"publish","type":"page","link":"https:\/\/www.kaiserfilm.eu\/kaiserlights\/","title":{"rendered":"Kaiserlights"},"content":{"rendered":"\n<p><span style=\"color:#b11717\" class=\"has-inline-color\"><strong>KaiserLights GmbH wird Sie begeistern! <\/strong><\/span><\/p>\n\n\n\n<p>Genau wie Sie, stecken wir unsere Leidenschaft in unser Gesch\u00e4ft \u2013 in die Produktion von visuellen Erlebnissen.<\/p>\n\n\n\n<p><span style=\"color:#b11717\" class=\"has-inline-color\">KaiserLights GmbH<\/span> ist bem\u00fcht, Ihren Auftritt in Digitalisierung und Visualisierung bestm\u00f6glich zu unterst\u00fctzen. Wir sind auf bewegte Bilder spezialisiert. Mit unserer eigenen dramaturgischen Sprache konnten wir auf internationalem Niveau bereits zahlreiche Auszeichnungen f\u00fcr uns und unsere Kunden erzielen.<\/p>\n\n\n\n<p>Die entwickelten Filme von KaiserLights GmbH, sei es Fiction, Viral oder TvC sind \u00fcber Jahre ein Werk, dass Sie und Ihre Kunden anspricht.<\/p>\n\n\n\n<p>Durch zahlreiche internationale Auftr\u00e4ge sind wir in der gl\u00fccklichen Lage, auf jedem Kontinent unsere Leistungen zu erbringen und dabei vielf\u00e4ltige Erfahrung zu sammeln, die uns dabei helfen neue Ma\u00dfst\u00e4be zu setzen.<\/p>\n\n\n\n<p>Durch die Fusion aus technischem Know-how und einer Mainstream f\u00e4higen Sprache haben wir <br><span style=\"color:#b11717\" class=\"has-inline-color\">KaiserLights GmbH<\/span> gegr\u00fcndet und lassen diese nun entfalten.<\/p>\n\n\n\n<p>Wir w\u00fcrden gerne auch mit Ihnen neue Geschichten in Digitalisierung und Visualisierung entwickeln.<\/p>\n\n\n\n<div class=\"wp-block-columns\">\n<div class=\"wp-block-column\" style=\"flex-basis:100%\">\n<div class=\"wp-block-columns\">\n<div class=\"wp-block-column\" style=\"flex-basis:100%\">\n<div class=\"wp-block-columns\">\n<div class=\"wp-block-column\">\n<figure class=\"wp-block-image size-large\"><img src=\"https:\/\/www.kaiserfilm.eu\/wordpress\/wp-content\/uploads\/2017\/10\/CannesGold.png\" alt=\"\"\/><\/figure>\n<\/div>\n\n\n\n<div class=\"wp-block-column\">\n<figure class=\"wp-block-image size-large\"><img src=\"https:\/\/www.kaiserfilm.eu\/wordpress\/wp-content\/uploads\/2019\/03\/GDA19-1.png\" alt=\"\"\/><\/figure>\n<\/div>\n\n\n\n<div class=\"wp-block-column\">\n<figure class=\"wp-block-image size-large\"><img src=\"https:\/\/www.kaiserfilm.eu\/wordpress\/wp-content\/uploads\/2017\/10\/VenedigBienale.png\" alt=\"\"\/><\/figure>\n<\/div>\n<\/div>\n<\/div>\n<\/div>\n\n\n\n<div class=\"wp-block-columns\">\n<div class=\"wp-block-column\">\n<blockquote class=\"wp-block-quote is-style-large\"><p><strong><span style=\"color:#b11717\" class=\"has-inline-color\">Michael Aicher<\/span><\/strong><\/p><cite>gesch\u00e4ftsf\u00fchrender Gesellschafter<\/cite><\/blockquote>\n<\/div>\n\n\n\n<div class=\"wp-block-column\">\n<blockquote class=\"wp-block-quote is-style-large\"><p><strong><span style=\"color:#b11717\" class=\"has-inline-color\">mag. Jakob Kaiser, aac<\/span><\/strong><\/p><cite>Gesellschafter<\/cite><\/blockquote>\n<\/div>\n<\/div>\n<\/div>\n<\/div>\n\n\n\n<p class=\"has-text-align-center\"><span style=\"color:#b11717\" class=\"has-inline-color\">f\u00fcr Fragen einfach Fragen: <strong><a href=\"mailto:info@KaiserLights.eu\">info@KaiserLights.eu<\/a><\/strong><\/span><\/p>\n\n\n\n<div class=\"wp-block-columns\">\n<div class=\"wp-block-column\">\n<figure class=\"wp-block-image size-large\"><img loading=\"lazy\" width=\"1024\" height=\"256\" src=\"https:\/\/www.kaiserfilm.eu\/kaiserlights\/wp-content\/uploads\/2021\/03\/KaiserLightsLogo21freiGross-1024x256.png\" alt=\"\" class=\"wp-image-60\" srcset=\"https:\/\/www.kaiserfilm.eu\/kaiserlights\/wp-content\/uploads\/2021\/03\/KaiserLightsLogo21freiGross-1024x256.png 1024w, https:\/\/www.kaiserfilm.eu\/kaiserlights\/wp-content\/uploads\/2021\/03\/KaiserLightsLogo21freiGross-300x75.png 300w, https:\/\/www.kaiserfilm.eu\/kaiserlights\/wp-content\/uploads\/2021\/03\/KaiserLightsLogo21freiGross-768x192.png 768w, https:\/\/www.kaiserfilm.eu\/kaiserlights\/wp-content\/uploads\/2021\/03\/KaiserLightsLogo21freiGross-1536x384.png 1536w, https:\/\/www.kaiserfilm.eu\/kaiserlights\/wp-content\/uploads\/2021\/03\/KaiserLightsLogo21freiGross-2048x512.png 2048w\" sizes=\"(max-width: 1024px) 100vw, 1024px\" \/><\/figure>\n<\/div>\n<\/div>\n","protected":false},"excerpt":{"rendered":"<p>KaiserLights GmbH wird Sie begeistern! Genau wie Sie, stecken wir unsere Leidenschaft in unser Gesch\u00e4ft \u2013 in die Produktion von<\/p>\n<p><a href=\"https:\/\/www.kaiserfilm.eu\/kaiserlights\/\" class=\"more-link\">Continue reading<span class=\"screen-reader-text\">Kaiserlights<\/span><\/a><\/p>\n","protected":false},"author":1,"featured_media":0,"parent":0,"menu_order":1,"comment_status":"closed","ping_status":"closed","template":"","meta":[],"_links":{"self":[{"href":"https:\/\/www.kaiserfilm.eu\/kaiserlights\/wp-json\/wp\/v2\/pages\/2"}],"collection":[{"href":"https:\/\/www.kaiserfilm.eu\/kaiserlights\/wp-json\/wp\/v2\/pages"}],"about":[{"href":"https:\/\/www.kaiserfilm.eu\/kaiserlights\/wp-json\/wp\/v2\/types\/page"}],"author":[{"embeddable":true,"href":"https:\/\/www.kaiserfilm.eu\/kaiserlights\/wp-json\/wp\/v2\/users\/1"}],"replies":[{"embeddable":true,"href":"https:\/\/www.kaiserfilm.eu\/kaiserlights\/wp-json\/wp\/v2\/comments?post=2"}],"version-history":[{"count":11,"href":"https:\/\/www.kaiserfilm.eu\/kaiserlights\/wp-json\/wp\/v2\/pages\/2\/revisions"}],"predecessor-version":[{"id":74,"href":"https:\/\/www.kaiserfilm.eu\/kaiserlights\/wp-json\/wp\/v2\/pages\/2\/revisions\/74"}],"wp:attachment":[{"href":"https:\/\/www.kaiserfilm.eu\/kaiserlights\/wp-json\/wp\/v2\/media?parent=2"}],"curies":[{"name":"wp","href":"https:\/\/api.w.org\/{rel}","templated":true}]}}